{"id":2088,"date":"2025-05-31T11:37:36","date_gmt":"2025-05-31T11:37:36","guid":{"rendered":"https:\/\/alisanlojistikas.com\/?page_id=2088"},"modified":"2025-06-11T20:26:21","modified_gmt":"2025-06-11T20:26:21","slug":"liquid-bulk-products-and-energy-transportation","status":"publish","type":"page","link":"https:\/\/alisanlojistikas.com\/tr\/our-services\/liquid-bulk-products-and-energy-transportation\/","title":{"rendered":"\u00bb Likit &amp; D\u00f6kme \u00dcr\u00fcn ve Enerji Ta\u015f\u0131mac\u0131l\u0131\u011f\u0131"},"content":{"rendered":"<div data-elementor-type=\"wp-page\" data-elementor-id=\"2088\" class=\"elementor elementor-2088\" data-elementor-post-type=\"page\">\n\t\t\t\t\t\t<section class=\"elementor-section elementor-top-section elementor-element elementor-element-e972195 elementor-section-height-min-height elementor-section-boxed elementor-section-height-default elementor-section-items-middle\" data-id=\"e972195\" data-element_type=\"section\" data-e-type=\"section\" data-settings=\"{&quot;background_background&quot;:&quot;classic&quot;}\">\n\t\t\t\t\t\t\t<div class=\"elementor-background-overlay\"><\/div>\n\t\t\t\t\t\t\t<div class=\"elementor-container elementor-column-gap-no\">\n\t\t\t\t\t<div class=\"elementor-column elementor-col-100 elementor-top-column elementor-element elementor-element-e4e8788\" data-id=\"e4e8788\" data-element_type=\"column\" data-e-type=\"column\">\n\t\t\t<div class=\"elementor-widget-wrap elementor-element-populated\">\n\t\t\t\t\t\t<div class=\"elementor-element elementor-element-225171e elementor-widget elementor-widget-heading\" data-id=\"225171e\" data-element_type=\"widget\" data-e-type=\"widget\" data-widget_type=\"heading.default\">\n\t\t\t\t<div class=\"elementor-widget-container\">\n\t\t\t\t\t<h2 class=\"elementor-heading-title elementor-size-default\"> Hizmetlerimiz\n<\/h2>\t\t\t\t<\/div>\n\t\t\t\t<\/div>\n\t\t\t\t<div class=\"elementor-element elementor-element-7f63b80 elementor-icon-list--layout-inline elementor-list-item-link-full_width elementor-widget elementor-widget-icon-list\" data-id=\"7f63b80\" data-element_type=\"widget\" data-e-type=\"widget\" data-widget_type=\"icon-list.default\">\n\t\t\t\t<div class=\"elementor-widget-container\">\n\t\t\t\t\t\t\t<ul class=\"elementor-icon-list-items elementor-inline-items\">\n\t\t\t\t\t\t\t<li class=\"elementor-icon-list-item elementor-inline-item\">\n\t\t\t\t\t\t\t\t\t\t\t<a href=\"https:\/\/alisanlojistikas.com\/tr\/\">\n\n\t\t\t\t\t\t\t\t\t\t\t<span class=\"elementor-icon-list-text\">Anasayfa<\/span>\n\t\t\t\t\t\t\t\t\t\t\t<\/a>\n\t\t\t\t\t\t\t\t\t<\/li>\n\t\t\t\t\t\t\t\t<li class=\"elementor-icon-list-item elementor-inline-item\">\n\t\t\t\t\t\t\t\t\t\t<span class=\"elementor-icon-list-text\">\/<\/span>\n\t\t\t\t\t\t\t\t\t<\/li>\n\t\t\t\t\t\t\t\t<li class=\"elementor-icon-list-item elementor-inline-item\">\n\t\t\t\t\t\t\t\t\t\t<span class=\"elementor-icon-list-text\">Hizmetlerimiz<\/span>\n\t\t\t\t\t\t\t\t\t<\/li>\n\t\t\t\t\t\t\t\t<li class=\"elementor-icon-list-item elementor-inline-item\">\n\t\t\t\t\t\t\t\t\t\t<span class=\"elementor-icon-list-text\">\/<\/span>\n\t\t\t\t\t\t\t\t\t<\/li>\n\t\t\t\t\t\t\t\t<li class=\"elementor-icon-list-item elementor-inline-item\">\n\t\t\t\t\t\t\t\t\t\t<span class=\"elementor-icon-list-text\">Likit &amp; D\u00f6kme \u00dcr\u00fcn ve Enerji Ta\u015f\u0131mac\u0131l\u0131\u011f\u0131 <\/span>\n\t\t\t\t\t\t\t\t\t<\/li>\n\t\t\t\t\t\t<\/ul>\n\t\t\t\t\t\t<\/div>\n\t\t\t\t<\/div>\n\t\t\t\t\t<\/div>\n\t\t<\/div>\n\t\t\t\t\t<\/div>\n\t\t<\/section>\n\t\t\t\t<section class=\"elementor-section elementor-top-section elementor-element elementor-element-e1a1982 elementor-section-boxed elementor-section-height-default elementor-section-height-default\" data-id=\"e1a1982\" data-element_type=\"section\" data-e-type=\"section\">\n\t\t\t\t\t\t<div class=\"elementor-container elementor-column-gap-no\">\n\t\t\t\t\t<div class=\"elementor-column elementor-col-100 elementor-top-column elementor-element elementor-element-3b6b64d\" data-id=\"3b6b64d\" data-element_type=\"column\" data-e-type=\"column\">\n\t\t\t<div class=\"elementor-widget-wrap elementor-element-populated\">\n\t\t\t\t\t\t<div class=\"elementor-element elementor-element-bef8ef1 elementor-widget elementor-widget-heading\" data-id=\"bef8ef1\" data-element_type=\"widget\" data-e-type=\"widget\" data-widget_type=\"heading.default\">\n\t\t\t\t<div class=\"elementor-widget-container\">\n\t\t\t\t\t<h2 class=\"elementor-heading-title elementor-size-default\">Likit &amp; D\u00f6kme \u00dcr\u00fcn ve Enerji Ta\u015f\u0131mac\u0131l\u0131\u011f\u0131 <\/h2>\t\t\t\t<\/div>\n\t\t\t\t<\/div>\n\t\t\t\t<div class=\"elementor-element elementor-element-0f32c95 elementor-widget-divider--view-line elementor-widget elementor-widget-divider\" data-id=\"0f32c95\" data-element_type=\"widget\" data-e-type=\"widget\" data-widget_type=\"divider.default\">\n\t\t\t\t<div class=\"elementor-widget-container\">\n\t\t\t\t\t\t\t<div class=\"elementor-divider\">\n\t\t\t<span class=\"elementor-divider-separator\">\n\t\t\t\t\t\t<\/span>\n\t\t<\/div>\n\t\t\t\t\t\t<\/div>\n\t\t\t\t<\/div>\n\t\t\t\t<div class=\"elementor-element elementor-element-a811562 elementor-widget-divider--view-line elementor-widget elementor-widget-divider\" data-id=\"a811562\" data-element_type=\"widget\" data-e-type=\"widget\" data-widget_type=\"divider.default\">\n\t\t\t\t<div class=\"elementor-widget-container\">\n\t\t\t\t\t\t\t<div class=\"elementor-divider\">\n\t\t\t<span class=\"elementor-divider-separator\">\n\t\t\t\t\t\t<\/span>\n\t\t<\/div>\n\t\t\t\t\t\t<\/div>\n\t\t\t\t<\/div>\n\t\t\t\t\t<\/div>\n\t\t<\/div>\n\t\t\t\t\t<\/div>\n\t\t<\/section>\n\t\t\t\t<section class=\"elementor-section elementor-top-section elementor-element elementor-element-64ba9d6 elementor-section-boxed elementor-section-height-default elementor-section-height-default\" data-id=\"64ba9d6\" data-element_type=\"section\" data-e-type=\"section\">\n\t\t\t\t\t\t<div class=\"elementor-container elementor-column-gap-no\">\n\t\t\t\t\t<div class=\"elementor-column elementor-col-50 elementor-top-column elementor-element elementor-element-cc634e3\" data-id=\"cc634e3\" data-element_type=\"column\" data-e-type=\"column\">\n\t\t\t<div class=\"elementor-widget-wrap elementor-element-populated\">\n\t\t\t\t\t\t<div class=\"elementor-element elementor-element-cd38c17 elementor-widget-divider--view-line_text elementor-widget-divider--element-align-left elementor-widget elementor-widget-divider\" data-id=\"cd38c17\" data-element_type=\"widget\" data-e-type=\"widget\" data-widget_type=\"divider.default\">\n\t\t\t\t<div class=\"elementor-widget-container\">\n\t\t\t\t\t\t\t<div class=\"elementor-divider\">\n\t\t\t<span class=\"elementor-divider-separator\">\n\t\t\t\t\t\t\t<span class=\"elementor-divider__text elementor-divider__element\">\n\t\t\t\tHizmetlerimiz\t\t\t\t<\/span>\n\t\t\t\t\t\t<\/span>\n\t\t<\/div>\n\t\t\t\t\t\t<\/div>\n\t\t\t\t<\/div>\n\t\t\t\t<div class=\"elementor-element elementor-element-e1c0d63 elementor-align-justify elementor-widget elementor-widget-button\" data-id=\"e1c0d63\" data-element_type=\"widget\" data-e-type=\"widget\" data-widget_type=\"button.default\">\n\t\t\t\t<div class=\"elementor-widget-container\">\n\t\t\t\t\t\t\t\t\t<div class=\"elementor-button-wrapper\">\n\t\t\t\t\t<a class=\"elementor-button elementor-button-link elementor-size-sm\" href=\"https:\/\/alisanlojistikas.com\/tr\/domestic-transportation\/\">\n\t\t\t\t\t\t<span class=\"elementor-button-content-wrapper\">\n\t\t\t\t\t\t\t\t\t<span class=\"elementor-button-text\">\u00bb Yurti\u00e7i Ta\u015f\u0131mac\u0131l\u0131k<\/span>\n\t\t\t\t\t<\/span>\n\t\t\t\t\t<\/a>\n\t\t\t\t<\/div>\n\t\t\t\t\t\t\t\t<\/div>\n\t\t\t\t<\/div>\n\t\t\t\t<div class=\"elementor-element elementor-element-54db82c elementor-align-justify elementor-widget elementor-widget-button\" data-id=\"54db82c\" data-element_type=\"widget\" data-e-type=\"widget\" data-widget_type=\"button.default\">\n\t\t\t\t<div class=\"elementor-widget-container\">\n\t\t\t\t\t\t\t\t\t<div class=\"elementor-button-wrapper\">\n\t\t\t\t\t<a class=\"elementor-button elementor-button-link elementor-size-sm\" href=\"https:\/\/alisanlojistikas.com\/tr\/our-services\/international-transportation\/\">\n\t\t\t\t\t\t<span class=\"elementor-button-content-wrapper\">\n\t\t\t\t\t\t\t\t\t<span class=\"elementor-button-text\">\u00bb Yurtd\u0131\u015f\u0131 Ta\u015f\u0131mac\u0131l\u0131k<\/span>\n\t\t\t\t\t<\/span>\n\t\t\t\t\t<\/a>\n\t\t\t\t<\/div>\n\t\t\t\t\t\t\t\t<\/div>\n\t\t\t\t<\/div>\n\t\t\t\t<div class=\"elementor-element elementor-element-11c0222 elementor-align-justify elementor-widget elementor-widget-button\" data-id=\"11c0222\" data-element_type=\"widget\" data-e-type=\"widget\" data-widget_type=\"button.default\">\n\t\t\t\t<div class=\"elementor-widget-container\">\n\t\t\t\t\t\t\t\t\t<div class=\"elementor-button-wrapper\">\n\t\t\t\t\t<a class=\"elementor-button elementor-button-link elementor-size-sm\" href=\"https:\/\/alisanlojistikas.com\/tr\/our-services\/intermodal-transportation\/\">\n\t\t\t\t\t\t<span class=\"elementor-button-content-wrapper\">\n\t\t\t\t\t\t\t\t\t<span class=\"elementor-button-text\">\u00bb Intermodal Ta\u015f\u0131ma<\/span>\n\t\t\t\t\t<\/span>\n\t\t\t\t\t<\/a>\n\t\t\t\t<\/div>\n\t\t\t\t\t\t\t\t<\/div>\n\t\t\t\t<\/div>\n\t\t\t\t<div class=\"elementor-element elementor-element-39e26c5 elementor-align-justify elementor-widget elementor-widget-button\" data-id=\"39e26c5\" data-element_type=\"widget\" data-e-type=\"widget\" data-widget_type=\"button.default\">\n\t\t\t\t<div class=\"elementor-widget-container\">\n\t\t\t\t\t\t\t\t\t<div class=\"elementor-button-wrapper\">\n\t\t\t\t\t<a class=\"elementor-button elementor-button-link elementor-size-sm\" href=\"https:\/\/alisanlojistikas.com\/tr\/our-services\/liquid-bulk-products-and-energy-transportation\/\">\n\t\t\t\t\t\t<span class=\"elementor-button-content-wrapper\">\n\t\t\t\t\t\t\t\t\t<span class=\"elementor-button-text\">\u00bb  Liquid &amp; Bulk Products And Ene...<\/span>\n\t\t\t\t\t<\/span>\n\t\t\t\t\t<\/a>\n\t\t\t\t<\/div>\n\t\t\t\t\t\t\t\t<\/div>\n\t\t\t\t<\/div>\n\t\t\t\t<div class=\"elementor-element elementor-element-f78af21 elementor-align-justify elementor-widget elementor-widget-button\" data-id=\"f78af21\" data-element_type=\"widget\" data-e-type=\"widget\" data-widget_type=\"button.default\">\n\t\t\t\t<div class=\"elementor-widget-container\">\n\t\t\t\t\t\t\t\t\t<div class=\"elementor-button-wrapper\">\n\t\t\t\t\t<a class=\"elementor-button elementor-button-link elementor-size-sm\" href=\"https:\/\/alisanlojistikas.com\/tr\/our-services\/storage-and-warehouse\/\">\n\t\t\t\t\t\t<span class=\"elementor-button-content-wrapper\">\n\t\t\t\t\t\t\t\t\t<span class=\"elementor-button-text\">\u00bb Depolama &amp; Antrepo<\/span>\n\t\t\t\t\t<\/span>\n\t\t\t\t\t<\/a>\n\t\t\t\t<\/div>\n\t\t\t\t\t\t\t\t<\/div>\n\t\t\t\t<\/div>\n\t\t\t\t<div class=\"elementor-element elementor-element-a48042e elementor-align-justify elementor-widget elementor-widget-button\" data-id=\"a48042e\" data-element_type=\"widget\" data-e-type=\"widget\" data-widget_type=\"button.default\">\n\t\t\t\t<div class=\"elementor-widget-container\">\n\t\t\t\t\t\t\t\t\t<div class=\"elementor-button-wrapper\">\n\t\t\t\t\t<a class=\"elementor-button elementor-button-link elementor-size-sm\" href=\"https:\/\/alisanlojistikas.com\/tr\/our-services\/value-added-services\/\">\n\t\t\t\t\t\t<span class=\"elementor-button-content-wrapper\">\n\t\t\t\t\t\t\t\t\t<span class=\"elementor-button-text\">\u00bb Katma De\u011ferli Hizmetler<\/span>\n\t\t\t\t\t<\/span>\n\t\t\t\t\t<\/a>\n\t\t\t\t<\/div>\n\t\t\t\t\t\t\t\t<\/div>\n\t\t\t\t<\/div>\n\t\t\t\t<div class=\"elementor-element elementor-element-9eff45d elementor-align-justify elementor-widget elementor-widget-button\" data-id=\"9eff45d\" data-element_type=\"widget\" data-e-type=\"widget\" data-widget_type=\"button.default\">\n\t\t\t\t<div class=\"elementor-widget-container\">\n\t\t\t\t\t\t\t\t\t<div class=\"elementor-button-wrapper\">\n\t\t\t\t\t<a class=\"elementor-button elementor-button-link elementor-size-sm\" href=\"https:\/\/alisanlojistikas.com\/tr\/our-services\/tank-cleaning-and-storage\/\">\n\t\t\t\t\t\t<span class=\"elementor-button-content-wrapper\">\n\t\t\t\t\t\t\t\t\t<span class=\"elementor-button-text\">\u00bb Tank Y\u0131kama ve Depolama<\/span>\n\t\t\t\t\t<\/span>\n\t\t\t\t\t<\/a>\n\t\t\t\t<\/div>\n\t\t\t\t\t\t\t\t<\/div>\n\t\t\t\t<\/div>\n\t\t\t\t\t<\/div>\n\t\t<\/div>\n\t\t\t\t<div class=\"elementor-column elementor-col-50 elementor-top-column elementor-element elementor-element-7de4d4c\" data-id=\"7de4d4c\" data-element_type=\"column\" data-e-type=\"column\">\n\t\t\t<div class=\"elementor-widget-wrap elementor-element-populated\">\n\t\t\t\t\t\t<section class=\"elementor-section elementor-inner-section elementor-element elementor-element-ea73bf9 elementor-section-full_width elementor-reverse-tablet elementor-reverse-mobile elementor-section-height-default elementor-section-height-default\" data-id=\"ea73bf9\" data-element_type=\"section\" data-e-type=\"section\">\n\t\t\t\t\t\t<div class=\"elementor-container elementor-column-gap-no\">\n\t\t\t\t\t<div class=\"elementor-column elementor-col-50 elementor-inner-column elementor-element elementor-element-c18bb1e\" data-id=\"c18bb1e\" data-element_type=\"column\" data-e-type=\"column\">\n\t\t\t<div class=\"elementor-widget-wrap elementor-element-populated\">\n\t\t\t\t\t\t<div class=\"elementor-element elementor-element-a4b0f80 elementor-widget elementor-widget-text-editor\" data-id=\"a4b0f80\" data-element_type=\"widget\" data-e-type=\"widget\" data-widget_type=\"text-editor.default\">\n\t\t\t\t<div class=\"elementor-widget-container\">\n\t\t\t\t\t\t\t\t\t<p><strong>Likit, D\u00f6kme \u00dcr\u00fcn ve Enerji Ta\u015f\u0131mac\u0131l\u0131\u011f\u0131<br \/><\/strong><br \/>G\u00fcvenli, verimli ve s\u00fcrd\u00fcr\u00fclebilir ta\u015f\u0131mac\u0131l\u0131k \u00e7\u00f6z\u00fcmleri sunan \u015firketimiz, likit ve d\u00f6kme y\u00fck ta\u015f\u0131mac\u0131l\u0131\u011f\u0131nda sekt\u00f6rde \u00f6nc\u00fc konumundad\u0131r. Modern filomuz, ileri teknoloji alt yap\u0131m\u0131z, deneyimli ve e\u011fitimli ekibimizle m\u00fc\u015fterilerimizin ta\u015f\u0131mac\u0131l\u0131k ihtiya\u00e7lar\u0131n\u0131 en y\u00fcksek g\u00fcvenlik ve kalite standartlar\u0131nda kar\u015f\u0131l\u0131yoruz.<br \/><br \/>Sekt\u00f6rde en iddial\u0131 oldu\u011fumuz ve uluslararas\u0131 arenada da denetlenerek uzmanl\u0131\u011f\u0131m\u0131zla \u00f6rnek g\u00f6sterildi\u011fimiz bu hizmet alan\u0131nda, ADR\/ISOPA lisansl\u0131 s\u00fcr\u00fcc\u00fclerimiz ve kapasitesi 15.000 lt \u2013 35,000 lt aras\u0131nda olan 700\u2019den fazla \u00f6z mal ISO tank\/Tanker\/Silobas filomuz ile ayda 8.000\u2019den fazla sefer yapmaktay\u0131z. Bu kapsamda \u00e7ok say\u0131da ve \u00e7e\u015fitlilikte kimyasallar\u0131, s\u0131k\u0131\u015ft\u0131r\u0131lm\u0131\u015f gazlar\u0131 (CNG \u2013 LNG vb.), petrol \u00fcr\u00fcnlerini, toz d\u00f6kme ve g\u0131da maddelerini yurti\u00e7i ve yurtd\u0131\u015f\u0131na kara, deniz ve tren yoluyla en g\u00fcvenilir ve en \u00e7evre dostu \u015fekilde ta\u015f\u0131yoruz.<\/p>\t\t\t\t\t\t\t\t<\/div>\n\t\t\t\t<\/div>\n\t\t\t\t\t<\/div>\n\t\t<\/div>\n\t\t\t\t<div class=\"elementor-column elementor-col-50 elementor-inner-column elementor-element elementor-element-d28394b\" data-id=\"d28394b\" data-element_type=\"column\" data-e-type=\"column\">\n\t\t\t<div class=\"elementor-widget-wrap elementor-element-populated\">\n\t\t\t\t\t\t<div class=\"elementor-element elementor-element-2e0d16e elementor-widget elementor-widget-image\" data-id=\"2e0d16e\" data-element_type=\"widget\" data-e-type=\"widget\" data-widget_type=\"image.default\">\n\t\t\t\t<div class=\"elementor-widget-container\">\n\t\t\t\t\t\t\t\t\t\t\t\t\t\t\t<img fetchpriority=\"high\" decoding=\"async\" width=\"400\" height=\"300\" src=\"https:\/\/alisanlojistikas.com\/wp-content\/uploads\/2025\/06\/988fe0e4-b10c-4b1b-b4f9-966b72034014-1.jpg\" class=\"attachment-full size-full wp-image-2835\" alt=\"\" srcset=\"https:\/\/alisanlojistikas.com\/wp-content\/uploads\/2025\/06\/988fe0e4-b10c-4b1b-b4f9-966b72034014-1.jpg 400w, https:\/\/alisanlojistikas.com\/wp-content\/uploads\/2025\/06\/988fe0e4-b10c-4b1b-b4f9-966b72034014-1-300x225.jpg 300w, https:\/\/alisanlojistikas.com\/wp-content\/uploads\/2025\/06\/988fe0e4-b10c-4b1b-b4f9-966b72034014-1-16x12.jpg 16w\" sizes=\"(max-width: 400px) 100vw, 400px\" \/>\t\t\t\t\t\t\t\t\t\t\t\t\t\t\t<\/div>\n\t\t\t\t<\/div>\n\t\t\t\t\t<\/div>\n\t\t<\/div>\n\t\t\t\t\t<\/div>\n\t\t<\/section>\n\t\t\t\t<div class=\"elementor-element elementor-element-bca4da9 elementor-widget elementor-widget-text-editor\" data-id=\"bca4da9\" data-element_type=\"widget\" data-e-type=\"widget\" data-widget_type=\"text-editor.default\">\n\t\t\t\t<div class=\"elementor-widget-container\">\n\t\t\t\t\t\t\t\t\t<p>Tankerlerimiz\/ISO tanklar\u0131m\u0131z, paslanmaz \u00e7elik yap\u0131lar\u0131, \u00f6zel kaplamalar\u0131 ve \u0131s\u0131 kontroll\u00fc sistemleri ile ta\u015f\u0131d\u0131\u011f\u0131m\u0131z \u00fcr\u00fcnlerin kalitesini koruyacak \u015fekilde tasarlanm\u0131\u015ft\u0131r.<br \/><br \/>Ayr\u0131ca toz veya gran\u00fcl formdaki \u00fcr\u00fcnlerin ta\u015f\u0131nmas\u0131 i\u00e7in \u00f6zel olarak tasarlanm\u0131\u015f \u00e7e\u015fitli tipteki  silobaslar\u0131m\u0131z ile  d\u00f6kme y\u00fckler i\u00e7in h\u0131zl\u0131, g\u00fcvenli ve ekonomik lojistik \u00e7\u00f6z\u00fcmleri sunuyoruz.<br \/><br \/>Ara\u00e7 filomuz 7\/24 GPS takibi ile izlenmekte olup, t\u00fcm operasyonlar\u0131m\u0131z \u00e7evre dostu ve s\u00fcrd\u00fcr\u00fclebilir ta\u015f\u0131mac\u0131l\u0131k prensipleriyle y\u00fcr\u00fct\u00fclmektedir.<br \/><br \/>Al\u0131\u015fan Lojistik, d\u00fcnya\u2019n\u0131n hemen her b\u00f6lgesine yay\u0131lm\u0131\u015f olan \u201cISO Konteyner A\u011f\u0131\u201d, \u00e7ok ama\u00e7l\u0131 konteyner ta\u015f\u0131y\u0131c\u0131 dorse ve ADR\u2019ye uygun \u00e7ekicilerden olu\u015fan filosu ile likit kimyevi madde ta\u015f\u0131mac\u0131l\u0131\u011f\u0131 alan\u0131nda \u00fcst\u00fcn hizmet kalitesini sunmakta ve d\u00fcnya \u00e7ap\u0131nda \u00e7\u00f6z\u00fcm yaratmaktad\u0131r<br \/><br \/><strong>Neden Al\u0131\u015fan Lojistik?<br \/><\/strong><br \/>\u2022 <strong>G\u00fcvenlik Odakl\u0131 Ta\u015f\u0131mac\u0131l\u0131k<\/strong> \u2013 ADR, ISO ve \u00e7evre standartlar\u0131na tam uyum<br \/>\u2022 <strong>Modern ve G\u00fc\u00e7l\u00fc Filo<\/strong> \u2013 Teknolojik altyap\u0131ya sahip tanker ve d\u00f6kme y\u00fck ara\u00e7lar\u0131<br \/>\u2022 <strong>H\u0131zl\u0131 ve Esnek Hizmet<\/strong> \u2013 M\u00fc\u015fteri odakl\u0131 \u00e7\u00f6z\u00fcmler ve zaman\u0131nda teslimat<br \/>\u2022 <strong>\u00c7evre Dostu Operasyonlar<\/strong> \u2013 Karbon ayak izini minimize eden lojistik y\u00f6netimi<\/p>\t\t\t\t\t\t\t\t<\/div>\n\t\t\t\t<\/div>\n\t\t\t\t\t<\/div>\n\t\t<\/div>\n\t\t\t\t\t<\/div>\n\t\t<\/section>\n\t\t\t\t<\/div>","protected":false},"excerpt":{"rendered":"<p>Our Services Home \/ Our SERVICES \/ Liquid &#038; Bulk Products And Energy Transportation Liquid &amp; Bulk Products And Energy Transportation Our Services \u00bb Domestic Transportation \u00bb International Transportation \u00bb Intermodal Transportation \u00bb Liquid &#038; Bulk Products And Ene&#8230; \u00bb Storage And Warehouse \u00bb Value Added Services \u00bb Tank Cleaning and Storage Liquid &amp; Bulk [&hellip;]<\/p>","protected":false},"author":1,"featured_media":0,"parent":2084,"menu_order":0,"comment_status":"closed","ping_status":"closed","template":"elementor_canvas","meta":{"site-sidebar-layout":"no-sidebar","site-content-layout":"page-builder","ast-site-content-layout":"full-width-container","site-content-style":"default","site-sidebar-style":"default","ast-global-header-display":"","ast-banner-title-visibility":"","ast-main-header-display":"","ast-hfb-above-header-display":"","ast-hfb-below-header-display":"","ast-hfb-mobile-header-display":"","site-post-title":"disabled","ast-breadcrumbs-content":"","ast-featured-img":"disabled","footer-sml-layout":"","ast-disable-related-posts":"","theme-transparent-header-meta":"","adv-header-id-meta":"","stick-header-meta":"","header-above-stick-meta":"","header-main-stick-meta":"","header-below-stick-meta":"","astra-migrate-meta-layouts":"set","ast-page-background-enabled":"default","ast-page-background-meta":{"desktop":{"background-color":"","background-image":"","background-repeat":"repeat","background-position":"center center","background-size":"auto","background-attachment":"scroll","background-type":"","background-media":"","overlay-type":"","overlay-color":"","overlay-opacity":"","overlay-gradient":""},"tablet":{"background-color":"","background-image":"","background-repeat":"repeat","background-position":"center center","background-size":"auto","background-attachment":"scroll","background-type":"","background-media":"","overlay-type":"","overlay-color":"","overlay-opacity":"","overlay-gradient":""},"mobile":{"background-color":"","background-image":"","background-repeat":"repeat","background-position":"center center","background-size":"auto","background-attachment":"scroll","background-type":"","background-media":"","overlay-type":"","overlay-color":"","overlay-opacity":"","overlay-gradient":""}},"ast-content-background-meta":{"desktop":{"background-color":"var(--ast-global-color-5)","background-image":"","background-repeat":"repeat","background-position":"center center","background-size":"auto","background-attachment":"scroll","background-type":"","background-media":"","overlay-type":"","overlay-color":"","overlay-opacity":"","overlay-gradient":""},"tablet":{"background-color":"var(--ast-global-color-5)","background-image":"","background-repeat":"repeat","background-position":"center center","background-size":"auto","background-attachment":"scroll","background-type":"","background-media":"","overlay-type":"","overlay-color":"","overlay-opacity":"","overlay-gradient":""},"mobile":{"background-color":"var(--ast-global-color-5)","background-image":"","background-repeat":"repeat","background-position":"center center","background-size":"auto","background-attachment":"scroll","background-type":"","background-media":"","overlay-type":"","overlay-color":"","overlay-opacity":"","overlay-gradient":""}},"footnotes":""},"class_list":["post-2088","page","type-page","status-publish","hentry"],"_links":{"self":[{"href":"https:\/\/alisanlojistikas.com\/tr\/wp-json\/wp\/v2\/pages\/2088","targetHints":{"allow":["GET"]}}],"collection":[{"href":"https:\/\/alisanlojistikas.com\/tr\/wp-json\/wp\/v2\/pages"}],"about":[{"href":"https:\/\/alisanlojistikas.com\/tr\/wp-json\/wp\/v2\/types\/page"}],"author":[{"embeddable":true,"href":"https:\/\/alisanlojistikas.com\/tr\/wp-json\/wp\/v2\/users\/1"}],"replies":[{"embeddable":true,"href":"https:\/\/alisanlojistikas.com\/tr\/wp-json\/wp\/v2\/comments?post=2088"}],"version-history":[{"count":16,"href":"https:\/\/alisanlojistikas.com\/tr\/wp-json\/wp\/v2\/pages\/2088\/revisions"}],"predecessor-version":[{"id":2867,"href":"https:\/\/alisanlojistikas.com\/tr\/wp-json\/wp\/v2\/pages\/2088\/revisions\/2867"}],"up":[{"embeddable":true,"href":"https:\/\/alisanlojistikas.com\/tr\/wp-json\/wp\/v2\/pages\/2084"}],"wp:attachment":[{"href":"https:\/\/alisanlojistikas.com\/tr\/wp-json\/wp\/v2\/media?parent=2088"}],"curies":[{"name":"wp","href":"https:\/\/api.w.org\/{rel}","templated":true}]}}