{"id":2090,"date":"2025-05-31T11:39:50","date_gmt":"2025-05-31T11:39:50","guid":{"rendered":"https:\/\/alisanlojistikas.com\/?page_id=2090"},"modified":"2025-06-11T22:53:51","modified_gmt":"2025-06-11T22:53:51","slug":"tank-cleaning-and-storage","status":"publish","type":"page","link":"https:\/\/alisanlojistikas.com\/tr\/our-services\/tank-cleaning-and-storage\/","title":{"rendered":"\u00bb Tank Y\u0131kama ve Depolama"},"content":{"rendered":"<div data-elementor-type=\"wp-page\" data-elementor-id=\"2090\" class=\"elementor elementor-2090\" data-elementor-post-type=\"page\">\n\t\t\t\t\t\t<section class=\"elementor-section elementor-top-section elementor-element elementor-element-2a656ba elementor-section-height-min-height elementor-section-boxed elementor-section-height-default elementor-section-items-middle\" data-id=\"2a656ba\" data-element_type=\"section\" data-e-type=\"section\" data-settings=\"{&quot;background_background&quot;:&quot;classic&quot;}\">\n\t\t\t\t\t\t\t<div class=\"elementor-background-overlay\"><\/div>\n\t\t\t\t\t\t\t<div class=\"elementor-container elementor-column-gap-no\">\n\t\t\t\t\t<div class=\"elementor-column elementor-col-100 elementor-top-column elementor-element elementor-element-45e1012\" data-id=\"45e1012\" data-element_type=\"column\" data-e-type=\"column\">\n\t\t\t<div class=\"elementor-widget-wrap elementor-element-populated\">\n\t\t\t\t\t\t<div class=\"elementor-element elementor-element-3fc2153 elementor-widget elementor-widget-heading\" data-id=\"3fc2153\" data-element_type=\"widget\" data-e-type=\"widget\" data-widget_type=\"heading.default\">\n\t\t\t\t<div class=\"elementor-widget-container\">\n\t\t\t\t\t<h2 class=\"elementor-heading-title elementor-size-default\"> Hizmetlerimiz\n<\/h2>\t\t\t\t<\/div>\n\t\t\t\t<\/div>\n\t\t\t\t<div class=\"elementor-element elementor-element-6c66daa elementor-icon-list--layout-inline elementor-list-item-link-full_width elementor-widget elementor-widget-icon-list\" data-id=\"6c66daa\" data-element_type=\"widget\" data-e-type=\"widget\" data-widget_type=\"icon-list.default\">\n\t\t\t\t<div class=\"elementor-widget-container\">\n\t\t\t\t\t\t\t<ul class=\"elementor-icon-list-items elementor-inline-items\">\n\t\t\t\t\t\t\t<li class=\"elementor-icon-list-item elementor-inline-item\">\n\t\t\t\t\t\t\t\t\t\t\t<a href=\"https:\/\/alisanlojistikas.com\/tr\/\">\n\n\t\t\t\t\t\t\t\t\t\t\t<span class=\"elementor-icon-list-text\">Anasayfa<\/span>\n\t\t\t\t\t\t\t\t\t\t\t<\/a>\n\t\t\t\t\t\t\t\t\t<\/li>\n\t\t\t\t\t\t\t\t<li class=\"elementor-icon-list-item elementor-inline-item\">\n\t\t\t\t\t\t\t\t\t\t<span class=\"elementor-icon-list-text\">\/<\/span>\n\t\t\t\t\t\t\t\t\t<\/li>\n\t\t\t\t\t\t\t\t<li class=\"elementor-icon-list-item elementor-inline-item\">\n\t\t\t\t\t\t\t\t\t\t<span class=\"elementor-icon-list-text\">Hizmetlerimiz<\/span>\n\t\t\t\t\t\t\t\t\t<\/li>\n\t\t\t\t\t\t\t\t<li class=\"elementor-icon-list-item elementor-inline-item\">\n\t\t\t\t\t\t\t\t\t\t<span class=\"elementor-icon-list-text\">\/<\/span>\n\t\t\t\t\t\t\t\t\t<\/li>\n\t\t\t\t\t\t\t\t<li class=\"elementor-icon-list-item elementor-inline-item\">\n\t\t\t\t\t\t\t\t\t\t<span class=\"elementor-icon-list-text\">Tank Y\u0131kama ve Depolama<\/span>\n\t\t\t\t\t\t\t\t\t<\/li>\n\t\t\t\t\t\t<\/ul>\n\t\t\t\t\t\t<\/div>\n\t\t\t\t<\/div>\n\t\t\t\t\t<\/div>\n\t\t<\/div>\n\t\t\t\t\t<\/div>\n\t\t<\/section>\n\t\t\t\t<section class=\"elementor-section elementor-top-section elementor-element elementor-element-7a4dbda elementor-section-boxed elementor-section-height-default elementor-section-height-default\" data-id=\"7a4dbda\" data-element_type=\"section\" data-e-type=\"section\">\n\t\t\t\t\t\t<div class=\"elementor-container elementor-column-gap-no\">\n\t\t\t\t\t<div class=\"elementor-column elementor-col-100 elementor-top-column elementor-element elementor-element-390f95e\" data-id=\"390f95e\" data-element_type=\"column\" data-e-type=\"column\">\n\t\t\t<div class=\"elementor-widget-wrap elementor-element-populated\">\n\t\t\t\t\t\t<div class=\"elementor-element elementor-element-d602496 elementor-widget elementor-widget-heading\" data-id=\"d602496\" data-element_type=\"widget\" data-e-type=\"widget\" data-widget_type=\"heading.default\">\n\t\t\t\t<div class=\"elementor-widget-container\">\n\t\t\t\t\t<h2 class=\"elementor-heading-title elementor-size-default\">Tank Y\u0131kama ve Depolama<\/h2>\t\t\t\t<\/div>\n\t\t\t\t<\/div>\n\t\t\t\t<div class=\"elementor-element elementor-element-96ad50c elementor-widget-divider--view-line elementor-widget elementor-widget-divider\" data-id=\"96ad50c\" data-element_type=\"widget\" data-e-type=\"widget\" data-widget_type=\"divider.default\">\n\t\t\t\t<div class=\"elementor-widget-container\">\n\t\t\t\t\t\t\t<div class=\"elementor-divider\">\n\t\t\t<span class=\"elementor-divider-separator\">\n\t\t\t\t\t\t<\/span>\n\t\t<\/div>\n\t\t\t\t\t\t<\/div>\n\t\t\t\t<\/div>\n\t\t\t\t<div class=\"elementor-element elementor-element-f67012f elementor-widget-divider--view-line elementor-widget elementor-widget-divider\" data-id=\"f67012f\" data-element_type=\"widget\" data-e-type=\"widget\" data-widget_type=\"divider.default\">\n\t\t\t\t<div class=\"elementor-widget-container\">\n\t\t\t\t\t\t\t<div class=\"elementor-divider\">\n\t\t\t<span class=\"elementor-divider-separator\">\n\t\t\t\t\t\t<\/span>\n\t\t<\/div>\n\t\t\t\t\t\t<\/div>\n\t\t\t\t<\/div>\n\t\t\t\t\t<\/div>\n\t\t<\/div>\n\t\t\t\t\t<\/div>\n\t\t<\/section>\n\t\t\t\t<section class=\"elementor-section elementor-top-section elementor-element elementor-element-6e09528 elementor-section-boxed elementor-section-height-default elementor-section-height-default\" data-id=\"6e09528\" data-element_type=\"section\" data-e-type=\"section\">\n\t\t\t\t\t\t<div class=\"elementor-container elementor-column-gap-no\">\n\t\t\t\t\t<div class=\"elementor-column elementor-col-50 elementor-top-column elementor-element elementor-element-bedfd91\" data-id=\"bedfd91\" data-element_type=\"column\" data-e-type=\"column\">\n\t\t\t<div class=\"elementor-widget-wrap elementor-element-populated\">\n\t\t\t\t\t\t<div class=\"elementor-element elementor-element-893b2a0 elementor-widget-divider--view-line_text elementor-widget-divider--element-align-left elementor-widget elementor-widget-divider\" data-id=\"893b2a0\" data-element_type=\"widget\" data-e-type=\"widget\" data-widget_type=\"divider.default\">\n\t\t\t\t<div class=\"elementor-widget-container\">\n\t\t\t\t\t\t\t<div class=\"elementor-divider\">\n\t\t\t<span class=\"elementor-divider-separator\">\n\t\t\t\t\t\t\t<span class=\"elementor-divider__text elementor-divider__element\">\n\t\t\t\tHizmetlerimiz\t\t\t\t<\/span>\n\t\t\t\t\t\t<\/span>\n\t\t<\/div>\n\t\t\t\t\t\t<\/div>\n\t\t\t\t<\/div>\n\t\t\t\t<div class=\"elementor-element elementor-element-18e37f5 elementor-align-justify elementor-widget elementor-widget-button\" data-id=\"18e37f5\" data-element_type=\"widget\" data-e-type=\"widget\" data-widget_type=\"button.default\">\n\t\t\t\t<div class=\"elementor-widget-container\">\n\t\t\t\t\t\t\t\t\t<div class=\"elementor-button-wrapper\">\n\t\t\t\t\t<a class=\"elementor-button elementor-button-link elementor-size-sm\" href=\"https:\/\/alisanlojistikas.com\/tr\/domestic-transportation\/\">\n\t\t\t\t\t\t<span class=\"elementor-button-content-wrapper\">\n\t\t\t\t\t\t\t\t\t<span class=\"elementor-button-text\">\u00bb Yurti\u00e7i Ta\u015f\u0131mac\u0131l\u0131k<\/span>\n\t\t\t\t\t<\/span>\n\t\t\t\t\t<\/a>\n\t\t\t\t<\/div>\n\t\t\t\t\t\t\t\t<\/div>\n\t\t\t\t<\/div>\n\t\t\t\t<div class=\"elementor-element elementor-element-b62f4aa elementor-align-justify elementor-widget elementor-widget-button\" data-id=\"b62f4aa\" data-element_type=\"widget\" data-e-type=\"widget\" data-widget_type=\"button.default\">\n\t\t\t\t<div class=\"elementor-widget-container\">\n\t\t\t\t\t\t\t\t\t<div class=\"elementor-button-wrapper\">\n\t\t\t\t\t<a class=\"elementor-button elementor-button-link elementor-size-sm\" href=\"https:\/\/alisanlojistikas.com\/tr\/our-services\/international-transportation\/\">\n\t\t\t\t\t\t<span class=\"elementor-button-content-wrapper\">\n\t\t\t\t\t\t\t\t\t<span class=\"elementor-button-text\">\u00bb Yurtd\u0131\u015f\u0131 Ta\u015f\u0131mac\u0131l\u0131k<\/span>\n\t\t\t\t\t<\/span>\n\t\t\t\t\t<\/a>\n\t\t\t\t<\/div>\n\t\t\t\t\t\t\t\t<\/div>\n\t\t\t\t<\/div>\n\t\t\t\t<div class=\"elementor-element elementor-element-63a72b3 elementor-align-justify elementor-widget elementor-widget-button\" data-id=\"63a72b3\" data-element_type=\"widget\" data-e-type=\"widget\" data-widget_type=\"button.default\">\n\t\t\t\t<div class=\"elementor-widget-container\">\n\t\t\t\t\t\t\t\t\t<div class=\"elementor-button-wrapper\">\n\t\t\t\t\t<a class=\"elementor-button elementor-button-link elementor-size-sm\" href=\"https:\/\/alisanlojistikas.com\/tr\/our-services\/intermodal-transportation\/\">\n\t\t\t\t\t\t<span class=\"elementor-button-content-wrapper\">\n\t\t\t\t\t\t\t\t\t<span class=\"elementor-button-text\">\u00bb Intermodal Ta\u015f\u0131ma<\/span>\n\t\t\t\t\t<\/span>\n\t\t\t\t\t<\/a>\n\t\t\t\t<\/div>\n\t\t\t\t\t\t\t\t<\/div>\n\t\t\t\t<\/div>\n\t\t\t\t<div class=\"elementor-element elementor-element-fe6b43c elementor-align-justify elementor-widget elementor-widget-button\" data-id=\"fe6b43c\" data-element_type=\"widget\" data-e-type=\"widget\" data-widget_type=\"button.default\">\n\t\t\t\t<div class=\"elementor-widget-container\">\n\t\t\t\t\t\t\t\t\t<div class=\"elementor-button-wrapper\">\n\t\t\t\t\t<a class=\"elementor-button elementor-button-link elementor-size-sm\" href=\"https:\/\/alisanlojistikas.com\/tr\/our-services\/liquid-bulk-products-and-energy-transportation\/\">\n\t\t\t\t\t\t<span class=\"elementor-button-content-wrapper\">\n\t\t\t\t\t\t\t\t\t<span class=\"elementor-button-text\">\u00bb  Liquid &amp; Bulk Products And Ene...<\/span>\n\t\t\t\t\t<\/span>\n\t\t\t\t\t<\/a>\n\t\t\t\t<\/div>\n\t\t\t\t\t\t\t\t<\/div>\n\t\t\t\t<\/div>\n\t\t\t\t<div class=\"elementor-element elementor-element-f78a771 elementor-align-justify elementor-widget elementor-widget-button\" data-id=\"f78a771\" data-element_type=\"widget\" data-e-type=\"widget\" data-widget_type=\"button.default\">\n\t\t\t\t<div class=\"elementor-widget-container\">\n\t\t\t\t\t\t\t\t\t<div class=\"elementor-button-wrapper\">\n\t\t\t\t\t<a class=\"elementor-button elementor-button-link elementor-size-sm\" href=\"https:\/\/alisanlojistikas.com\/tr\/our-services\/storage-and-warehouse\/\">\n\t\t\t\t\t\t<span class=\"elementor-button-content-wrapper\">\n\t\t\t\t\t\t\t\t\t<span class=\"elementor-button-text\">\u00bb Depolama &amp; Antrepo<\/span>\n\t\t\t\t\t<\/span>\n\t\t\t\t\t<\/a>\n\t\t\t\t<\/div>\n\t\t\t\t\t\t\t\t<\/div>\n\t\t\t\t<\/div>\n\t\t\t\t<div class=\"elementor-element elementor-element-22c19b3 elementor-align-justify elementor-widget elementor-widget-button\" data-id=\"22c19b3\" data-element_type=\"widget\" data-e-type=\"widget\" data-widget_type=\"button.default\">\n\t\t\t\t<div class=\"elementor-widget-container\">\n\t\t\t\t\t\t\t\t\t<div class=\"elementor-button-wrapper\">\n\t\t\t\t\t<a class=\"elementor-button elementor-button-link elementor-size-sm\" href=\"https:\/\/alisanlojistikas.com\/tr\/our-services\/value-added-services\/\">\n\t\t\t\t\t\t<span class=\"elementor-button-content-wrapper\">\n\t\t\t\t\t\t\t\t\t<span class=\"elementor-button-text\">\u00bb Katma De\u011ferli Hizmetler<\/span>\n\t\t\t\t\t<\/span>\n\t\t\t\t\t<\/a>\n\t\t\t\t<\/div>\n\t\t\t\t\t\t\t\t<\/div>\n\t\t\t\t<\/div>\n\t\t\t\t<div class=\"elementor-element elementor-element-9882753 elementor-align-justify elementor-widget elementor-widget-button\" data-id=\"9882753\" data-element_type=\"widget\" data-e-type=\"widget\" data-widget_type=\"button.default\">\n\t\t\t\t<div class=\"elementor-widget-container\">\n\t\t\t\t\t\t\t\t\t<div class=\"elementor-button-wrapper\">\n\t\t\t\t\t<a class=\"elementor-button elementor-button-link elementor-size-sm\" href=\"https:\/\/alisanlojistikas.com\/tr\/our-services\/tank-cleaning-and-storage\/\">\n\t\t\t\t\t\t<span class=\"elementor-button-content-wrapper\">\n\t\t\t\t\t\t\t\t\t<span class=\"elementor-button-text\">\u00bb Tank Y\u0131kama ve Depolama<\/span>\n\t\t\t\t\t<\/span>\n\t\t\t\t\t<\/a>\n\t\t\t\t<\/div>\n\t\t\t\t\t\t\t\t<\/div>\n\t\t\t\t<\/div>\n\t\t\t\t\t<\/div>\n\t\t<\/div>\n\t\t\t\t<div class=\"elementor-column elementor-col-50 elementor-top-column elementor-element elementor-element-ec11b67\" data-id=\"ec11b67\" data-element_type=\"column\" data-e-type=\"column\">\n\t\t\t<div class=\"elementor-widget-wrap elementor-element-populated\">\n\t\t\t\t\t\t<section class=\"elementor-section elementor-inner-section elementor-element elementor-element-e1ae88c elementor-section-full_width elementor-reverse-tablet elementor-reverse-mobile elementor-section-height-default elementor-section-height-default\" data-id=\"e1ae88c\" data-element_type=\"section\" data-e-type=\"section\">\n\t\t\t\t\t\t<div class=\"elementor-container elementor-column-gap-no\">\n\t\t\t\t\t<div class=\"elementor-column elementor-col-50 elementor-inner-column elementor-element elementor-element-f855fc7\" data-id=\"f855fc7\" data-element_type=\"column\" data-e-type=\"column\">\n\t\t\t<div class=\"elementor-widget-wrap elementor-element-populated\">\n\t\t\t\t\t\t<div class=\"elementor-element elementor-element-c01989f elementor-widget elementor-widget-text-editor\" data-id=\"c01989f\" data-element_type=\"widget\" data-e-type=\"widget\" data-widget_type=\"text-editor.default\">\n\t\t\t\t<div class=\"elementor-widget-container\">\n\t\t\t\t\t\t\t\t\t<p><strong>Tank Y\u0131kama ve Depolama Tesisi<br \/><\/strong><br \/>Lojistik sekt\u00f6r\u00fcnde kalite, g\u00fcvenlik, s\u00fcrd\u00fcr\u00fclebilirlik ve operasyonel verimlilik kritik \u00f6neme sahiptir. Bu do\u011frultuda, Al\u0131\u015fan Lojistik olarak en y\u00fcksek kalite standartlar\u0131na uygun Tank Y\u0131kama ve Depolama hizmetleri sunuyoruz.<br \/><br \/><strong>Tank Y\u0131kama Hizmetleri<br \/><\/strong><br \/>Konya ve Gebze lokasyonlar\u0131nda bulunan tank y\u0131kama tesislerimiz, tehlikeli ve tehlikesiz s\u0131v\u0131 ta\u015f\u0131mac\u0131l\u0131\u011f\u0131 yapan tankerlerin profesyonelce temizlenmesini sa\u011flar.<br \/><br \/>Y\u0131kama i\u015flemleri ISO ve \u00e7evre y\u00f6netmeliklerine ek olarak y\u00fcksek kalite hizmet sunabilmek ad\u0131na di\u011fer uluslararas\u0131 standartlara da uygun \u015fekilde ger\u00e7ekle\u015ftirilir.<\/p><p>\u00b7         G\u0131da ve kimyasal \u00fcr\u00fcn ta\u015f\u0131m\u0131\u015f tankerler i\u00e7in \u00f6zel y\u0131kama programlar\u0131<br \/>\u00b7         S\u0131cak su, kimyasal \u00e7\u00f6z\u00fcc\u00fcler ve buhar ile derinlemesine temizlik<br \/>\u00b7         \u00c7evre dostu at\u0131k y\u00f6netimi ve geri d\u00f6n\u00fc\u015f\u00fcm s\u00fcre\u00e7leri<br \/>\u00b7         H\u0131zl\u0131 ve verimli hizmet ile operasyonel s\u00fcreklili\u011fin sa\u011flanmas\u0131<\/p>\t\t\t\t\t\t\t\t<\/div>\n\t\t\t\t<\/div>\n\t\t\t\t\t<\/div>\n\t\t<\/div>\n\t\t\t\t<div class=\"elementor-column elementor-col-50 elementor-inner-column elementor-element elementor-element-118f505\" data-id=\"118f505\" data-element_type=\"column\" data-e-type=\"column\">\n\t\t\t<div class=\"elementor-widget-wrap elementor-element-populated\">\n\t\t\t\t\t\t<div class=\"elementor-element elementor-element-3a49abf elementor-widget elementor-widget-image\" data-id=\"3a49abf\" data-element_type=\"widget\" data-e-type=\"widget\" data-widget_type=\"image.default\">\n\t\t\t\t<div class=\"elementor-widget-container\">\n\t\t\t\t\t\t\t\t\t\t\t\t\t\t\t<img fetchpriority=\"high\" decoding=\"async\" width=\"400\" height=\"350\" src=\"https:\/\/alisanlojistikas.com\/wp-content\/uploads\/2025\/06\/1884856e-fe6c-4488-9277-31c98d7b91b8.jpg\" class=\"attachment-full size-full wp-image-2852\" alt=\"\" srcset=\"https:\/\/alisanlojistikas.com\/wp-content\/uploads\/2025\/06\/1884856e-fe6c-4488-9277-31c98d7b91b8.jpg 400w, https:\/\/alisanlojistikas.com\/wp-content\/uploads\/2025\/06\/1884856e-fe6c-4488-9277-31c98d7b91b8-300x263.jpg 300w, https:\/\/alisanlojistikas.com\/wp-content\/uploads\/2025\/06\/1884856e-fe6c-4488-9277-31c98d7b91b8-14x12.jpg 14w\" sizes=\"(max-width: 400px) 100vw, 400px\" \/>\t\t\t\t\t\t\t\t\t\t\t\t\t\t\t<\/div>\n\t\t\t\t<\/div>\n\t\t\t\t\t<\/div>\n\t\t<\/div>\n\t\t\t\t\t<\/div>\n\t\t<\/section>\n\t\t\t\t<div class=\"elementor-element elementor-element-10e806f elementor-widget elementor-widget-text-editor\" data-id=\"10e806f\" data-element_type=\"widget\" data-e-type=\"widget\" data-widget_type=\"text-editor.default\">\n\t\t\t\t<div class=\"elementor-widget-container\">\n\t\t\t\t\t\t\t\t\t<p><strong>Tank Depolama \u00c7\u00f6z\u00fcmleri<br \/><\/strong><br \/>Lojistik operasyonlar\u0131n\u0131z\u0131 desteklemek i\u00e7in sundu\u011fumuz g\u00fcvenli ve modern depolama alanlar\u0131m\u0131z full ADR\u2019li \u015fekilde tasarlanm\u0131\u015ft\u0131r.<br \/><br \/>\u00b7         Dolu ve bo\u015f tank depolama se\u00e7enekleri<br \/>\u00b7         Kimya ve g\u0131da tanklar\u0131n\u0131n depolanmas\u0131na uygun \u00f6zel alanlar<br \/>\u00b7         7\/24 g\u00fcvenlik ve dijital envanter y\u00f6netimi<br \/>\u00b7          Gerekli t\u00fcm ulusal ve uluslararas\u0131 sertifikalara sahip g\u00fcvenli depolama altyap\u0131s\u0131<br \/><br \/><strong>Tank Is\u0131tma Hizmetleri<br \/><\/strong><br \/>\u00b7         Buhar, s\u0131cak su ve elektrikli \u0131s\u0131tma sistemleri ile \u00e7e\u015fitli kimyasal ve g\u0131da maddelerinin ideal s\u0131cakl\u0131klarda tutulmas\u0131n\u0131 sa\u011fl\u0131yoruz.<br \/>\u00b7         S\u0131cakl\u0131k kontrol sistemleri sayesinde \u00fcr\u00fcn\u00fcn \u00f6zelliklerine uygun \u0131s\u0131tma sa\u011flanarak kalite korunur.<br \/>\u00b7         Tehlikeli ve g\u0131da s\u0131n\u0131f\u0131 s\u0131v\u0131lar i\u00e7in \u00f6zel \u00e7\u00f6z\u00fcmler sunuyoruz.<br \/>\u00b7         Y\u00fcksek enerji verimlili\u011fi ve \u00e7evre dostu \u0131s\u0131tma y\u00f6ntemleri ile operasyonel maliyetleri optimize ediyoruz.<br \/>T\u00fcm bu hizmetlerimizin yan\u0131 s\u0131ra dolum\/aktar\u0131m ve tank tamir, bak\u0131m ve test hizmetlerini sunmaktay\u0131z.<\/p>\t\t\t\t\t\t\t\t<\/div>\n\t\t\t\t<\/div>\n\t\t\t\t\t<\/div>\n\t\t<\/div>\n\t\t\t\t\t<\/div>\n\t\t<\/section>\n\t\t\t\t<\/div>","protected":false},"excerpt":{"rendered":"<p>Our Services Home \/ Our SERVICES \/ Tank Cleaning and Storage Tank Cleaning and Storage Our Services \u00bb Domestic Transportation \u00bb International Transportation \u00bb Intermodal Transportation \u00bb Liquid &#038; Bulk Products And Ene&#8230; \u00bb Storage And Warehouse \u00bb Value Added Services \u00bb Tank Cleaning and Storage Tank Cleaning and Storage FacilityIn the logistics sector, quality, [&hellip;]<\/p>","protected":false},"author":1,"featured_media":0,"parent":2084,"menu_order":0,"comment_status":"closed","ping_status":"closed","template":"elementor_canvas","meta":{"site-sidebar-layout":"no-sidebar","site-content-layout":"page-builder","ast-site-content-layout":"full-width-container","site-content-style":"default","site-sidebar-style":"default","ast-global-header-display":"","ast-banner-title-visibility":"","ast-main-header-display":"","ast-hfb-above-header-display":"","ast-hfb-below-header-display":"","ast-hfb-mobile-header-display":"","site-post-title":"disabled","ast-breadcrumbs-content":"","ast-featured-img":"disabled","footer-sml-layout":"","ast-disable-related-posts":"","theme-transparent-header-meta":"","adv-header-id-meta":"","stick-header-meta":"","header-above-stick-meta":"","header-main-stick-meta":"","header-below-stick-meta":"","astra-migrate-meta-layouts":"set","ast-page-background-enabled":"default","ast-page-background-meta":{"desktop":{"background-color":"","background-image":"","background-repeat":"repeat","background-position":"center center","background-size":"auto","background-attachment":"scroll","background-type":"","background-media":"","overlay-type":"","overlay-color":"","overlay-opacity":"","overlay-gradient":""},"tablet":{"background-color":"","background-image":"","background-repeat":"repeat","background-position":"center center","background-size":"auto","background-attachment":"scroll","background-type":"","background-media":"","overlay-type":"","overlay-color":"","overlay-opacity":"","overlay-gradient":""},"mobile":{"background-color":"","background-image":"","background-repeat":"repeat","background-position":"center center","background-size":"auto","background-attachment":"scroll","background-type":"","background-media":"","overlay-type":"","overlay-color":"","overlay-opacity":"","overlay-gradient":""}},"ast-content-background-meta":{"desktop":{"background-color":"var(--ast-global-color-5)","background-image":"","background-repeat":"repeat","background-position":"center center","background-size":"auto","background-attachment":"scroll","background-type":"","background-media":"","overlay-type":"","overlay-color":"","overlay-opacity":"","overlay-gradient":""},"tablet":{"background-color":"var(--ast-global-color-5)","background-image":"","background-repeat":"repeat","background-position":"center center","background-size":"auto","background-attachment":"scroll","background-type":"","background-media":"","overlay-type":"","overlay-color":"","overlay-opacity":"","overlay-gradient":""},"mobile":{"background-color":"var(--ast-global-color-5)","background-image":"","background-repeat":"repeat","background-position":"center center","background-size":"auto","background-attachment":"scroll","background-type":"","background-media":"","overlay-type":"","overlay-color":"","overlay-opacity":"","overlay-gradient":""}},"footnotes":""},"class_list":["post-2090","page","type-page","status-publish","hentry"],"_links":{"self":[{"href":"https:\/\/alisanlojistikas.com\/tr\/wp-json\/wp\/v2\/pages\/2090","targetHints":{"allow":["GET"]}}],"collection":[{"href":"https:\/\/alisanlojistikas.com\/tr\/wp-json\/wp\/v2\/pages"}],"about":[{"href":"https:\/\/alisanlojistikas.com\/tr\/wp-json\/wp\/v2\/types\/page"}],"author":[{"embeddable":true,"href":"https:\/\/alisanlojistikas.com\/tr\/wp-json\/wp\/v2\/users\/1"}],"replies":[{"embeddable":true,"href":"https:\/\/alisanlojistikas.com\/tr\/wp-json\/wp\/v2\/comments?post=2090"}],"version-history":[{"count":22,"href":"https:\/\/alisanlojistikas.com\/tr\/wp-json\/wp\/v2\/pages\/2090\/revisions"}],"predecessor-version":[{"id":3080,"href":"https:\/\/alisanlojistikas.com\/tr\/wp-json\/wp\/v2\/pages\/2090\/revisions\/3080"}],"up":[{"embeddable":true,"href":"https:\/\/alisanlojistikas.com\/tr\/wp-json\/wp\/v2\/pages\/2084"}],"wp:attachment":[{"href":"https:\/\/alisanlojistikas.com\/tr\/wp-json\/wp\/v2\/media?parent=2090"}],"curies":[{"name":"wp","href":"https:\/\/api.w.org\/{rel}","templated":true}]}}