{"id":2096,"date":"2025-05-31T11:43:38","date_gmt":"2025-05-31T11:43:38","guid":{"rendered":"https:\/\/alisanlojistikas.com\/?page_id=2096"},"modified":"2025-06-11T21:37:21","modified_gmt":"2025-06-11T21:37:21","slug":"projects","status":"publish","type":"page","link":"https:\/\/alisanlojistikas.com\/tr\/projects\/","title":{"rendered":"\u00bb Projeler"},"content":{"rendered":"<div data-elementor-type=\"wp-page\" data-elementor-id=\"2096\" class=\"elementor elementor-2096\" data-elementor-post-type=\"page\">\n\t\t\t\t\t\t<section class=\"elementor-section elementor-top-section elementor-element elementor-element-4512a28 elementor-section-height-min-height elementor-section-boxed elementor-section-height-default elementor-section-items-middle\" data-id=\"4512a28\" data-element_type=\"section\" data-e-type=\"section\" data-settings=\"{&quot;background_background&quot;:&quot;classic&quot;}\">\n\t\t\t\t\t\t\t<div class=\"elementor-background-overlay\"><\/div>\n\t\t\t\t\t\t\t<div class=\"elementor-container elementor-column-gap-no\">\n\t\t\t\t\t<div class=\"elementor-column elementor-col-100 elementor-top-column elementor-element elementor-element-10f806d\" data-id=\"10f806d\" data-element_type=\"column\" data-e-type=\"column\">\n\t\t\t<div class=\"elementor-widget-wrap elementor-element-populated\">\n\t\t\t\t\t\t<div class=\"elementor-element elementor-element-8612d25 elementor-widget elementor-widget-heading\" data-id=\"8612d25\" data-element_type=\"widget\" data-e-type=\"widget\" data-widget_type=\"heading.default\">\n\t\t\t\t<div class=\"elementor-widget-container\">\n\t\t\t\t\t<h2 class=\"elementor-heading-title elementor-size-default\"> Information Technologies and R&amp;D <\/h2>\t\t\t\t<\/div>\n\t\t\t\t<\/div>\n\t\t\t\t<div class=\"elementor-element elementor-element-0519489 elementor-icon-list--layout-inline elementor-list-item-link-full_width elementor-widget elementor-widget-icon-list\" data-id=\"0519489\" data-element_type=\"widget\" data-e-type=\"widget\" data-widget_type=\"icon-list.default\">\n\t\t\t\t<div class=\"elementor-widget-container\">\n\t\t\t\t\t\t\t<ul class=\"elementor-icon-list-items elementor-inline-items\">\n\t\t\t\t\t\t\t<li class=\"elementor-icon-list-item elementor-inline-item\">\n\t\t\t\t\t\t\t\t\t\t\t<a href=\"https:\/\/alisanlojistikas.com\/tr\/\">\n\n\t\t\t\t\t\t\t\t\t\t\t<span class=\"elementor-icon-list-text\">Anasayfa<\/span>\n\t\t\t\t\t\t\t\t\t\t\t<\/a>\n\t\t\t\t\t\t\t\t\t<\/li>\n\t\t\t\t\t\t\t\t<li class=\"elementor-icon-list-item elementor-inline-item\">\n\t\t\t\t\t\t\t\t\t\t<span class=\"elementor-icon-list-text\">\/<\/span>\n\t\t\t\t\t\t\t\t\t<\/li>\n\t\t\t\t\t\t\t\t<li class=\"elementor-icon-list-item elementor-inline-item\">\n\t\t\t\t\t\t\t\t\t\t<span class=\"elementor-icon-list-text\"> Information Technologies and R&amp;D <\/span>\n\t\t\t\t\t\t\t\t\t<\/li>\n\t\t\t\t\t\t\t\t<li class=\"elementor-icon-list-item elementor-inline-item\">\n\t\t\t\t\t\t\t\t\t\t<span class=\"elementor-icon-list-text\">\/<\/span>\n\t\t\t\t\t\t\t\t\t<\/li>\n\t\t\t\t\t\t\t\t<li class=\"elementor-icon-list-item elementor-inline-item\">\n\t\t\t\t\t\t\t\t\t\t<span class=\"elementor-icon-list-text\"> Projects<\/span>\n\t\t\t\t\t\t\t\t\t<\/li>\n\t\t\t\t\t\t<\/ul>\n\t\t\t\t\t\t<\/div>\n\t\t\t\t<\/div>\n\t\t\t\t\t<\/div>\n\t\t<\/div>\n\t\t\t\t\t<\/div>\n\t\t<\/section>\n\t\t\t\t<section class=\"elementor-section elementor-top-section elementor-element elementor-element-9223ffa elementor-section-boxed elementor-section-height-default elementor-section-height-default\" data-id=\"9223ffa\" data-element_type=\"section\" data-e-type=\"section\">\n\t\t\t\t\t\t<div class=\"elementor-container elementor-column-gap-no\">\n\t\t\t\t\t<div class=\"elementor-column elementor-col-100 elementor-top-column elementor-element elementor-element-f76dd29\" data-id=\"f76dd29\" data-element_type=\"column\" data-e-type=\"column\">\n\t\t\t<div class=\"elementor-widget-wrap elementor-element-populated\">\n\t\t\t\t\t\t<div class=\"elementor-element elementor-element-9f92261 elementor-widget elementor-widget-heading\" data-id=\"9f92261\" data-element_type=\"widget\" data-e-type=\"widget\" data-widget_type=\"heading.default\">\n\t\t\t\t<div class=\"elementor-widget-container\">\n\t\t\t\t\t<h2 class=\"elementor-heading-title elementor-size-default\"> Projects<\/h2>\t\t\t\t<\/div>\n\t\t\t\t<\/div>\n\t\t\t\t<div class=\"elementor-element elementor-element-d760e8a elementor-widget-divider--view-line elementor-widget elementor-widget-divider\" data-id=\"d760e8a\" data-element_type=\"widget\" data-e-type=\"widget\" data-widget_type=\"divider.default\">\n\t\t\t\t<div class=\"elementor-widget-container\">\n\t\t\t\t\t\t\t<div class=\"elementor-divider\">\n\t\t\t<span class=\"elementor-divider-separator\">\n\t\t\t\t\t\t<\/span>\n\t\t<\/div>\n\t\t\t\t\t\t<\/div>\n\t\t\t\t<\/div>\n\t\t\t\t<div class=\"elementor-element elementor-element-3ee636e elementor-widget-divider--view-line elementor-widget elementor-widget-divider\" data-id=\"3ee636e\" data-element_type=\"widget\" data-e-type=\"widget\" data-widget_type=\"divider.default\">\n\t\t\t\t<div class=\"elementor-widget-container\">\n\t\t\t\t\t\t\t<div class=\"elementor-divider\">\n\t\t\t<span class=\"elementor-divider-separator\">\n\t\t\t\t\t\t<\/span>\n\t\t<\/div>\n\t\t\t\t\t\t<\/div>\n\t\t\t\t<\/div>\n\t\t\t\t\t<\/div>\n\t\t<\/div>\n\t\t\t\t\t<\/div>\n\t\t<\/section>\n\t\t\t\t<section class=\"elementor-section elementor-top-section elementor-element elementor-element-3de8134 elementor-section-boxed elementor-section-height-default elementor-section-height-default\" data-id=\"3de8134\" data-element_type=\"section\" data-e-type=\"section\">\n\t\t\t\t\t\t<div class=\"elementor-container elementor-column-gap-no\">\n\t\t\t\t\t<div class=\"elementor-column elementor-col-50 elementor-top-column elementor-element elementor-element-d70a064\" data-id=\"d70a064\" data-element_type=\"column\" data-e-type=\"column\">\n\t\t\t<div class=\"elementor-widget-wrap elementor-element-populated\">\n\t\t\t\t\t\t<div class=\"elementor-element elementor-element-06b46cb elementor-widget elementor-widget-heading\" data-id=\"06b46cb\" data-element_type=\"widget\" data-e-type=\"widget\" data-widget_type=\"heading.default\">\n\t\t\t\t<div class=\"elementor-widget-container\">\n\t\t\t\t\t<h2 class=\"elementor-heading-title elementor-size-default\"> Information Technologies and R&amp;D <\/h2>\t\t\t\t<\/div>\n\t\t\t\t<\/div>\n\t\t\t\t<div class=\"elementor-element elementor-element-11dc6c3 elementor-widget-divider--view-line elementor-widget elementor-widget-divider\" data-id=\"11dc6c3\" data-element_type=\"widget\" data-e-type=\"widget\" data-widget_type=\"divider.default\">\n\t\t\t\t<div class=\"elementor-widget-container\">\n\t\t\t\t\t\t\t<div class=\"elementor-divider\">\n\t\t\t<span class=\"elementor-divider-separator\">\n\t\t\t\t\t\t<\/span>\n\t\t<\/div>\n\t\t\t\t\t\t<\/div>\n\t\t\t\t<\/div>\n\t\t\t\t<div class=\"elementor-element elementor-element-6a03d14 elementor-align-justify elementor-widget elementor-widget-button\" data-id=\"6a03d14\" data-element_type=\"widget\" data-e-type=\"widget\" data-widget_type=\"button.default\">\n\t\t\t\t<div class=\"elementor-widget-container\">\n\t\t\t\t\t\t\t\t\t<div class=\"elementor-button-wrapper\">\n\t\t\t\t\t<a class=\"elementor-button elementor-button-link elementor-size-sm\" href=\"https:\/\/alisanlojistikas.com\/tr\/e-services\/\">\n\t\t\t\t\t\t<span class=\"elementor-button-content-wrapper\">\n\t\t\t\t\t\t\t\t\t<span class=\"elementor-button-text\">\u00bb  E-Services <\/span>\n\t\t\t\t\t<\/span>\n\t\t\t\t\t<\/a>\n\t\t\t\t<\/div>\n\t\t\t\t\t\t\t\t<\/div>\n\t\t\t\t<\/div>\n\t\t\t\t<div class=\"elementor-element elementor-element-3731a1e elementor-align-justify elementor-widget elementor-widget-button\" data-id=\"3731a1e\" data-element_type=\"widget\" data-e-type=\"widget\" data-widget_type=\"button.default\">\n\t\t\t\t<div class=\"elementor-widget-container\">\n\t\t\t\t\t\t\t\t\t<div class=\"elementor-button-wrapper\">\n\t\t\t\t\t<a class=\"elementor-button elementor-button-link elementor-size-sm\" href=\"https:\/\/alisanlojistikas.com\/tr\/projects\/\">\n\t\t\t\t\t\t<span class=\"elementor-button-content-wrapper\">\n\t\t\t\t\t\t\t\t\t<span class=\"elementor-button-text\">\u00bb Projeler<\/span>\n\t\t\t\t\t<\/span>\n\t\t\t\t\t<\/a>\n\t\t\t\t<\/div>\n\t\t\t\t\t\t\t\t<\/div>\n\t\t\t\t<\/div>\n\t\t\t\t<div class=\"elementor-element elementor-element-2a19aff elementor-align-justify elementor-widget elementor-widget-button\" data-id=\"2a19aff\" data-element_type=\"widget\" data-e-type=\"widget\" data-widget_type=\"button.default\">\n\t\t\t\t<div class=\"elementor-widget-container\">\n\t\t\t\t\t\t\t\t\t<div class=\"elementor-button-wrapper\">\n\t\t\t\t\t<a class=\"elementor-button elementor-button-link elementor-size-sm\" href=\"https:\/\/alisanlojistikas.com\/tr\/articles-publications-and-symposiums\/\">\n\t\t\t\t\t\t<span class=\"elementor-button-content-wrapper\">\n\t\t\t\t\t\t\t\t\t<span class=\"elementor-button-text\">\u00bb Makaleler, Yay\u0131nlar ve Sempozyumlar<\/span>\n\t\t\t\t\t<\/span>\n\t\t\t\t\t<\/a>\n\t\t\t\t<\/div>\n\t\t\t\t\t\t\t\t<\/div>\n\t\t\t\t<\/div>\n\t\t\t\t<div class=\"elementor-element elementor-element-dbd952c elementor-align-justify elementor-widget elementor-widget-button\" data-id=\"dbd952c\" data-element_type=\"widget\" data-e-type=\"widget\" data-widget_type=\"button.default\">\n\t\t\t\t<div class=\"elementor-widget-container\">\n\t\t\t\t\t\t\t\t\t<div class=\"elementor-button-wrapper\">\n\t\t\t\t\t<a class=\"elementor-button elementor-button-link elementor-size-sm\" href=\"https:\/\/alisanlojistikas.com\/tr\/collaborations\/\">\n\t\t\t\t\t\t<span class=\"elementor-button-content-wrapper\">\n\t\t\t\t\t\t\t\t\t<span class=\"elementor-button-text\">\u00bb \u0130\u015f Birlikleri<\/span>\n\t\t\t\t\t<\/span>\n\t\t\t\t\t<\/a>\n\t\t\t\t<\/div>\n\t\t\t\t\t\t\t\t<\/div>\n\t\t\t\t<\/div>\n\t\t\t\t\t<\/div>\n\t\t<\/div>\n\t\t\t\t<div class=\"elementor-column elementor-col-50 elementor-top-column elementor-element elementor-element-ab7fbc2\" data-id=\"ab7fbc2\" data-element_type=\"column\" data-e-type=\"column\">\n\t\t\t<div class=\"elementor-widget-wrap elementor-element-populated\">\n\t\t\t\t\t\t<section class=\"elementor-section elementor-inner-section elementor-element elementor-element-02fe252 elementor-section-full_width elementor-reverse-tablet elementor-reverse-mobile elementor-section-height-default elementor-section-height-default\" data-id=\"02fe252\" data-element_type=\"section\" data-e-type=\"section\">\n\t\t\t\t\t\t<div class=\"elementor-container elementor-column-gap-no\">\n\t\t\t\t\t<div class=\"elementor-column elementor-col-50 elementor-inner-column elementor-element elementor-element-2a804a9\" data-id=\"2a804a9\" data-element_type=\"column\" data-e-type=\"column\">\n\t\t\t<div class=\"elementor-widget-wrap elementor-element-populated\">\n\t\t\t\t\t\t<div class=\"elementor-element elementor-element-b697552 elementor-widget elementor-widget-text-editor\" data-id=\"b697552\" data-element_type=\"widget\" data-e-type=\"widget\" data-widget_type=\"text-editor.default\">\n\t\t\t\t<div class=\"elementor-widget-container\">\n\t\t\t\t\t\t\t\t\t<p>Sekt\u00f6r\u00fcm\u00fczde bulunan, Sanayi ve Teknoloji Bakanl\u0131\u011f\u0131 taraf\u0131ndan onayl\u0131 13 AR-GE Merkezi\u2019nin ikisinin sahibi olarak, teknisyenler, ara\u015ft\u0131rmac\u0131lar ve yaz\u0131l\u0131m geli\u015ftiricilerden olu\u015fan 50 ki\u015fiyi a\u015fk\u0131n kadrosuyla \u0130stanbul ve Konya\u2019da bulunan AR-GE birimlerimiz, t\u00fcm faaliyetlerimizi dijital d\u00f6n\u00fc\u015f\u00fcme uygun hale getirmek i\u00e7in \u00e7al\u0131\u015fmaktad\u0131r.<\/p><p><strong>Hayata Ge\u00e7en Projeler<\/strong><\/p><ul><li>Yapay Zeka Tabanl\u0131 Dijital Lojistik \u00c7\u00f6z\u00fcmleri<\/li><li>Rota Tahmini, \u00d6deme Planlamas\u0131, Stok Y\u00f6netimi<\/li><li>G\u00fcvenli S\u00fcr\u00fc\u015f Cihazlar\u0131n\u0131n Tasar\u0131m\u0131 ve Geli\u015ftirilmesi<\/li><li>Euroka Itea ve Green Deal Uyumlu S\u00fcrd\u00fcr\u00fclebilirlik Projeleri<\/li><li>Ara\u00e7 Dronlar\u0131n\u0131n Tasar\u0131m\u0131 ve Geli\u015ftirilmesi<\/li><\/ul><p><strong>A\u00e7\u0131k Projeler <\/strong><\/p><ul><li>U\u00e7tan U\u00e7a Sipari\u015f \u0130zleme ve Tedarik\u00e7i Y\u00f6netim Mobil Platformu<\/li><li>Makine \u00d6\u011frenmesi \u0130le Yak\u0131t T\u00fcketim Tahminleme<\/li><li>Likit Kimyasal Ta\u015fmalarda Acil Durum Ekipmanlar\u0131n\u0131n RFID ile Etkin Takip ve Y\u00f6netiminin Sa\u011flanmas\u0131<\/li><li>Kaza Kara Noktalar\u0131 Uyar\u0131 Sistemi<\/li><li>Likit Isotanklar\u0131n IOT Temelli Depolama Y\u0131kama Is\u0131tma Sistemi<\/li><li>Likit Ta\u015f\u0131mac\u0131l\u0131k Sekt\u00f6r\u00fcnde G\u00fcvenli\u011fi Art\u0131ran Otomatik Bas\u0131n\u00e7 Kontrol ve Uyar\u0131 Sistemi<\/li><li>Lojistik Sekt\u00f6r\u00fcnde Derin \u00d6\u011frenme ile D\u00f6nemlik Ara\u00e7 Talep Tahmini<\/li><\/ul>\t\t\t\t\t\t\t\t<\/div>\n\t\t\t\t<\/div>\n\t\t\t\t\t<\/div>\n\t\t<\/div>\n\t\t\t\t<div class=\"elementor-column elementor-col-50 elementor-inner-column elementor-element elementor-element-bb46824\" data-id=\"bb46824\" data-element_type=\"column\" data-e-type=\"column\">\n\t\t\t<div class=\"elementor-widget-wrap elementor-element-populated\">\n\t\t\t\t\t\t<div class=\"elementor-element elementor-element-5c1526c elementor-widget elementor-widget-image\" data-id=\"5c1526c\" data-element_type=\"widget\" data-e-type=\"widget\" data-widget_type=\"image.default\">\n\t\t\t\t<div class=\"elementor-widget-container\">\n\t\t\t\t\t\t\t\t\t\t\t\t\t\t\t<img fetchpriority=\"high\" decoding=\"async\" width=\"700\" height=\"700\" src=\"https:\/\/alisanlojistikas.com\/wp-content\/uploads\/2025\/06\/b17048b0-db0c-4050-9eda-d4cf057cc321.jpg\" class=\"attachment-full size-full wp-image-2982\" alt=\"\" srcset=\"https:\/\/alisanlojistikas.com\/wp-content\/uploads\/2025\/06\/b17048b0-db0c-4050-9eda-d4cf057cc321.jpg 700w, https:\/\/alisanlojistikas.com\/wp-content\/uploads\/2025\/06\/b17048b0-db0c-4050-9eda-d4cf057cc321-300x300.jpg 300w, https:\/\/alisanlojistikas.com\/wp-content\/uploads\/2025\/06\/b17048b0-db0c-4050-9eda-d4cf057cc321-150x150.jpg 150w, https:\/\/alisanlojistikas.com\/wp-content\/uploads\/2025\/06\/b17048b0-db0c-4050-9eda-d4cf057cc321-12x12.jpg 12w, https:\/\/alisanlojistikas.com\/wp-content\/uploads\/2025\/06\/b17048b0-db0c-4050-9eda-d4cf057cc321-600x600.jpg 600w, https:\/\/alisanlojistikas.com\/wp-content\/uploads\/2025\/06\/b17048b0-db0c-4050-9eda-d4cf057cc321-100x100.jpg 100w\" sizes=\"(max-width: 700px) 100vw, 700px\" \/>\t\t\t\t\t\t\t\t\t\t\t\t\t\t\t<\/div>\n\t\t\t\t<\/div>\n\t\t\t\t\t<\/div>\n\t\t<\/div>\n\t\t\t\t\t<\/div>\n\t\t<\/section>\n\t\t\t\t<div class=\"elementor-element elementor-element-a846dbc elementor-widget elementor-widget-text-editor\" data-id=\"a846dbc\" data-element_type=\"widget\" data-e-type=\"widget\" data-widget_type=\"text-editor.default\">\n\t\t\t\t<div class=\"elementor-widget-container\">\n\t\t\t\t\t\t\t\t\t<p><strong>T\u00dcB\u0130TAK Projeleri<\/strong><\/p><p><strong>Proje Ad\u0131: <\/strong>Datamind Bili\u015fim Anonim \u015eirketi<\/p><p><strong>Ortak Kurulu\u015f:<\/strong>Datamind Bili\u015fim Anonim \u015eirketi<\/p><p><strong>Destek Program\u0131: <\/strong>T\u00dcB\u0130TAK 1707 Sipari\u015f Ar-Ge \u00c7a\u011fr\u0131s\u0131<\/p><hr \/><p><strong><br \/>Proje Ad\u0131: <\/strong>Yapay Zeka Destekli Nakit Ak\u0131\u015f\u0131 ve Finansal Planlama Projesi<\/p><p><strong>Ortak Kurulu\u015f: <\/strong>Phexum Yaz\u0131l\u0131m Anonim \u015eirketi, Konya Teknik \u00dcniversitesi<\/p><p><strong>Destek Program\u0131:<\/strong>T\u00dcB\u0130TAK 1711 Yapay Zeka Ekosistem \u00c7a\u011fr\u0131s\u0131<\/p><hr \/><p><strong><br \/>Proje Ad\u0131:<\/strong>Yapay Zeka Tabanl\u0131 Sefer Planlama<\/p><p><strong>Ortak Kurulu\u015f:<\/strong>Hakl\u0131 Bili\u015fim Dan\u0131\u015fmanl\u0131k Teknoloji Sanayi ve Ticaret Limited \u015eirketi<\/p><p><strong>Destek Program\u0131:<\/strong>T\u00dcB\u0130TAK 1707 Sipari\u015f Ar-Ge \u00c7a\u011fr\u0131s\u0131<\/p><hr \/><p><strong><br \/>Proje Ad\u0131: <\/strong>SAFEROUTE-6G \u2013 6G'Ye Y\u00f6nelik Yol G\u00fcvenli\u011fi Altyap\u0131 Ve Servisleri Geli\u015ftirme Projesi<\/p><p><strong>Kurulu\u015f(lar) <\/strong>Ericsson Ara\u015ft\u0131rma Geli\u015ftirme ve Bili\u015fim Hizm. A.\u015e. Al\u0131\u015fan Lojistik Anonim \u015eirketi, T\u00fcrk Telekom\u00fcnikasyon A.\u015e. , G Teknoloji Bili\u015fim Sanayi Ve Ticaret A.\u015e, Actuate \u0130novasyon Ve Bili\u015fim Teknolojileri Ticaret A.\u015e<\/p><p><strong>Destek Program\u0131: <\/strong>1509 Uluslararas\u0131 Sanayi Ar-Ge Projeleri Destekleme Program\u0131<\/p>\t\t\t\t\t\t\t\t<\/div>\n\t\t\t\t<\/div>\n\t\t\t\t\t<\/div>\n\t\t<\/div>\n\t\t\t\t\t<\/div>\n\t\t<\/section>\n\t\t\t\t<\/div>","protected":false},"excerpt":{"rendered":"<p>Information Technologies and R&amp;D Home \/ Information Technologies and R&#038;D \/ Projects Projects Information Technologies and R&amp;D \u00bb E-Services \u00bb Projects \u00bb Articles, Publications and Symposiums \u00bb Collaborations As the owner of two of the 13 R&amp;D Centers in our sector, approved by the Ministry of Industry and Technology, our R&amp;D units in Istanbul and [&hellip;]<\/p>","protected":false},"author":1,"featured_media":0,"parent":0,"menu_order":0,"comment_status":"closed","ping_status":"closed","template":"elementor_canvas","meta":{"site-sidebar-layout":"no-sidebar","site-content-layout":"page-builder","ast-site-content-layout":"full-width-container","site-content-style":"default","site-sidebar-style":"default","ast-global-header-display":"","ast-banner-title-visibility":"","ast-main-header-display":"","ast-hfb-above-header-display":"","ast-hfb-below-header-display":"","ast-hfb-mobile-header-display":"","site-post-title":"disabled","ast-breadcrumbs-content":"","ast-featured-img":"disabled","footer-sml-layout":"","ast-disable-related-posts":"","theme-transparent-header-meta":"","adv-header-id-meta":"","stick-header-meta":"","header-above-stick-meta":"","header-main-stick-meta":"","header-below-stick-meta":"","astra-migrate-meta-layouts":"set","ast-page-background-enabled":"default","ast-page-background-meta":{"desktop":{"background-color":"","background-image":"","background-repeat":"repeat","background-position":"center center","background-size":"auto","background-attachment":"scroll","background-type":"","background-media":"","overlay-type":"","overlay-color":"","overlay-opacity":"","overlay-gradient":""},"tablet":{"background-color":"","background-image":"","background-repeat":"repeat","background-position":"center center","background-size":"auto","background-attachment":"scroll","background-type":"","background-media":"","overlay-type":"","overlay-color":"","overlay-opacity":"","overlay-gradient":""},"mobile":{"background-color":"","background-image":"","background-repeat":"repeat","background-position":"center center","background-size":"auto","background-attachment":"scroll","background-type":"","background-media":"","overlay-type":"","overlay-color":"","overlay-opacity":"","overlay-gradient":""}},"ast-content-background-meta":{"desktop":{"background-color":"var(--ast-global-color-5)","background-image":"","background-repeat":"repeat","background-position":"center center","background-size":"auto","background-attachment":"scroll","background-type":"","background-media":"","overlay-type":"","overlay-color":"","overlay-opacity":"","overlay-gradient":""},"tablet":{"background-color":"var(--ast-global-color-5)","background-image":"","background-repeat":"repeat","background-position":"center center","background-size":"auto","background-attachment":"scroll","background-type":"","background-media":"","overlay-type":"","overlay-color":"","overlay-opacity":"","overlay-gradient":""},"mobile":{"background-color":"var(--ast-global-color-5)","background-image":"","background-repeat":"repeat","background-position":"center center","background-size":"auto","background-attachment":"scroll","background-type":"","background-media":"","overlay-type":"","overlay-color":"","overlay-opacity":"","overlay-gradient":""}},"footnotes":""},"class_list":["post-2096","page","type-page","status-publish","hentry"],"_links":{"self":[{"href":"https:\/\/alisanlojistikas.com\/tr\/wp-json\/wp\/v2\/pages\/2096","targetHints":{"allow":["GET"]}}],"collection":[{"href":"https:\/\/alisanlojistikas.com\/tr\/wp-json\/wp\/v2\/pages"}],"about":[{"href":"https:\/\/alisanlojistikas.com\/tr\/wp-json\/wp\/v2\/types\/page"}],"author":[{"embeddable":true,"href":"https:\/\/alisanlojistikas.com\/tr\/wp-json\/wp\/v2\/users\/1"}],"replies":[{"embeddable":true,"href":"https:\/\/alisanlojistikas.com\/tr\/wp-json\/wp\/v2\/comments?post=2096"}],"version-history":[{"count":22,"href":"https:\/\/alisanlojistikas.com\/tr\/wp-json\/wp\/v2\/pages\/2096\/revisions"}],"predecessor-version":[{"id":3003,"href":"https:\/\/alisanlojistikas.com\/tr\/wp-json\/wp\/v2\/pages\/2096\/revisions\/3003"}],"wp:attachment":[{"href":"https:\/\/alisanlojistikas.com\/tr\/wp-json\/wp\/v2\/media?parent=2096"}],"curies":[{"name":"wp","href":"https:\/\/api.w.org\/{rel}","templated":true}]}}