{"id":3667,"date":"2025-12-01T21:23:39","date_gmt":"2025-12-01T21:23:39","guid":{"rendered":"https:\/\/alisanlojistikas.com\/track-form\/"},"modified":"2026-04-17T19:31:13","modified_gmt":"2026-04-17T19:31:13","slug":"track-form","status":"publish","type":"page","link":"https:\/\/alisanlojistikas.com\/tr\/track-form\/","title":{"rendered":"Track"},"content":{"rendered":"<div data-elementor-type=\"wp-page\" data-elementor-id=\"3667\" class=\"elementor elementor-3667\" data-elementor-post-type=\"page\">\n\t\t\t\t\t\t<section class=\"elementor-section elementor-top-section elementor-element elementor-element-3141916a elementor-section-boxed elementor-section-height-default elementor-section-height-default\" data-id=\"3141916a\" data-element_type=\"section\" data-e-type=\"section\">\n\t\t\t\t\t\t<div class=\"elementor-container elementor-column-gap-default\">\n\t\t\t\t\t<div class=\"elementor-column elementor-col-100 elementor-top-column elementor-element elementor-element-69dbe5b6\" data-id=\"69dbe5b6\" data-element_type=\"column\" data-e-type=\"column\">\n\t\t\t<div class=\"elementor-widget-wrap elementor-element-populated\">\n\t\t\t\t\t\t<div class=\"elementor-element elementor-element-dc11410 elementor-widget elementor-widget-shortcode\" data-id=\"dc11410\" data-element_type=\"widget\" data-e-type=\"widget\" data-widget_type=\"shortcode.default\">\n\t\t\t\t<div class=\"elementor-widget-container\">\n\t\t\t\t\t\t\t<div class=\"elementor-shortcode\"><style type=\"text\/css\">\n\t@media\n\t\tonly screen \n\t\tand (max-width: 760px), (min-device-width: 768px) \n\t\tand (max-device-width: 1024px)  {\n\t\t\t\/* Force table to not be like tables anymore *\/\n\t\t\ttable#wpcargo-track-table tr td input[type=\"text\"], \n\t\t\ttable#wpcargo-track-table tr td input[type=\"submit\"],\n\t\t\ttable#wpcargo-track-table tr td select, \n\t\t\ttable#wpcargo-track-table tr td textarea,\n\t\t\tform table#wpcargo-track-table{\n\t\t\t\twidth:100% !important;\n\t\t\t\tmin-width: 100%;\n\t\t\t}\n\t\t\ttable#wpcargo-track-table, \n\t\t\t#wpcargo-track-table thead, \n\t\t\t#wpcargo-track-table tbody, \n\t\t\t#wpcargo-track-table th, \n\t\t\t#wpcargo-track-table td,\n\t\t\t#wpcargo-track-table tr {\n\t\t\t\tdisplay: block;\n\t\t\t}\n\t\t\t\/* Hide table headers (but not display: none;, for accessibility) *\/\n\t\t\t#wpcargo-track-tablethead tr {\n\t\t\t\tposition: absolute;\n\t\t\t\ttop: -9999px;\n\t\t\t\tleft: -9999px;\n\t\t\t}\n\t\t\t#wpcargo-track-table tr {\n\t\t\t\tmargin: 0 0 1rem 0;\n\t\t\t}\n\t\t\t#wpcargo-track-table tr:nth-child(odd) {\n\t\t\t\tbackground: #ccc;\n\t\t\t}\n\t\t\t#wpcargo-track-table td {\n\t\t\t\t\/* Behave  like a \"row\" *\/\n\t\t\t\tborder: none;\n\t\t\t\tborder-bottom: 1px solid #eee;\n\t\t\t\tposition: relative;\n\t\t\t\tpadding: 0;\n\t\t\t}\n\t\t\t#wpcargo-track-table td:before {\n\t\t\t\tposition: absolute;\n\t\t\t\ttop: 0;\n\t\t\t\tleft: 6px;\n\t\t\t\twidth: 45%;\n\t\t\t\tpadding-right: 10px;\n\t\t\t\twhite-space: nowrap;\n\t\t\t}\n\t\t\t#wpcargo-track-table .submit-track {\n\t\t\t\tpadding:16px 0;\n\t\t\t}\n\t}\n<\/style>\n<div class=\"wpcargo-track wpcargo\">\n\t<form method=\"post\" name=\"wpcargo-track-form\" action=\"\" data-trp-original-action=\"\">\n\t\t<input type=\"hidden\" id=\"track_shipment_nonce\" name=\"track_shipment_nonce\" value=\"45d56feb83\" \/><input type=\"hidden\" name=\"_wp_http_referer\" value=\"\/tr\/wp-json\/wp\/v2\/pages\/3667\" \/>\t\t<table id=\"wpcargo-track-table\" class=\"track_form_table\">\n\t\t\t<tr class=\"track_form_tr\">\n\t\t\t\t<th class=\"track_form_th\" colspan=\"2\"><h4>Enter the Consignment No.<\/h4><\/th>\n\t\t\t<\/tr>\n\t\t\t<tr class=\"track_form_tr\">\n\t\t\t\t\t\t\t\t<td class=\"track_form_td\"><input class=\"input_track_num\" type=\"text\" name=\"wpcargo_tracking_number\" value=\"\" autocomplete=\"off\" placeholder=\"Enter Tracking Number\" required><\/td>\n\t\t\t\t<td class=\"track_form_td submit-track\"><input id=\"submit_wpcargo\" class=\"wpcargo-btn wpcargo-btn-primary\" name=\"wpcargo-submit\" type=\"submit\" value=\"TRACK RESULT\"><\/td>\n\t\t\t<\/tr>\n\t\t\t <tr class=\"track_form_tr\"><td class=\"track_form_td\" colspan=\"2\"><h4>Ex: 12345<\/h4><\/td><\/tr>\t\t<\/table>\n\t<input type=\"hidden\" name=\"trp-form-language\" value=\"tr\"\/><\/form>\n<\/div><\/div>\n\t\t\t\t\t\t<\/div>\n\t\t\t\t<\/div>\n\t\t\t\t\t<\/div>\n\t\t<\/div>\n\t\t\t\t\t<\/div>\n\t\t<\/section>\n\t\t\t\t<section class=\"elementor-section elementor-top-section elementor-element elementor-element-d3d8f3c elementor-section-boxed elementor-section-height-default elementor-section-height-default\" data-id=\"d3d8f3c\" data-element_type=\"section\" data-e-type=\"section\">\n\t\t\t\t\t\t<div class=\"elementor-container elementor-column-gap-default\">\n\t\t\t\t\t<div class=\"elementor-column elementor-col-100 elementor-top-column elementor-element elementor-element-8cbdfe1\" data-id=\"8cbdfe1\" data-element_type=\"column\" data-e-type=\"column\">\n\t\t\t<div class=\"elementor-widget-wrap elementor-element-populated\">\n\t\t\t\t\t\t<div class=\"elementor-element elementor-element-9652289 elementor-widget elementor-widget-google_maps\" data-id=\"9652289\" data-element_type=\"widget\" data-e-type=\"widget\" data-widget_type=\"google_maps.default\">\n\t\t\t\t<div class=\"elementor-widget-container\">\n\t\t\t\t\t\t\t<div class=\"elementor-custom-embed\">\n\t\t\t<iframe loading=\"lazy\"\n\t\t\t\t\tsrc=\"https:\/\/maps.google.com\/maps?q=Al%C4%B1%C5%9Fan%20Lojistik%20A.%C5%9E%20Genel%20Merkez%2C%20%C4%B0%C3%A7erenk%C3%B6y%20Mahallesi.%20De%C4%9Firmen%20Yolu%20Cd.%20No%3A28%2C%20Asia%20Ofis%20Park%20A2%20Blok%20K%3A1%2C%2034752%20Ata%C5%9Fehir%2F%C4%B0stanbul%2C%20T%C3%BCrkiye&#038;t=m&#038;z=10&#038;output=embed&#038;iwloc=near\"\n\t\t\t\t\ttitle=\"Al\u0131\u015fan Lojistik A.\u015e Genel Merkez, \u0130\u00e7erenk\u00f6y Mahallesi. De\u011firmen Yolu Cd. No:28, Asia Ofis Park A2 Blok K:1, 34752 Ata\u015fehir\/\u0130stanbul, T\u00fcrkiye\"\n\t\t\t\t\taria-label=\"Al\u0131\u015fan Lojistik A.\u015e Genel Merkez, \u0130\u00e7erenk\u00f6y Mahallesi. De\u011firmen Yolu Cd. No:28, Asia Ofis Park A2 Blok K:1, 34752 Ata\u015fehir\/\u0130stanbul, T\u00fcrkiye\"\n\t\t\t><\/iframe>\n\t\t<\/div>\n\t\t\t\t\t\t<\/div>\n\t\t\t\t<\/div>\n\t\t\t\t\t<\/div>\n\t\t<\/div>\n\t\t\t\t\t<\/div>\n\t\t<\/section>\n\t\t\t\t<\/div>","protected":false},"excerpt":{"rendered":"","protected":false},"author":1,"featured_media":0,"parent":0,"menu_order":0,"comment_status":"closed","ping_status":"closed","template":"","meta":{"site-sidebar-layout":"default","site-content-layout":"","ast-site-content-layout":"default","site-content-style":"default","site-sidebar-style":"default","ast-global-header-display":"","ast-banner-title-visibility":"","ast-main-header-display":"","ast-hfb-above-header-display":"","ast-hfb-below-header-display":"","ast-hfb-mobile-header-display":"","site-post-title":"","ast-breadcrumbs-content":"","ast-featured-img":"","footer-sml-layout":"","ast-disable-related-posts":"","theme-transparent-header-meta":"","adv-header-id-meta":"","stick-header-meta":"","header-above-stick-meta":"","header-main-stick-meta":"","header-below-stick-meta":"","astra-migrate-meta-layouts":"default","ast-page-background-enabled":"default","ast-page-background-meta":{"desktop":{"background-color":"","background-image":"","background-repeat":"repeat","background-position":"center center","background-size":"auto","background-attachment":"scroll","background-type":"","background-media":"","overlay-type":"","overlay-color":"","overlay-opacity":"","overlay-gradient":""},"tablet":{"background-color":"","background-image":"","background-repeat":"repeat","background-position":"center center","background-size":"auto","background-attachment":"scroll","background-type":"","background-media":"","overlay-type":"","overlay-color":"","overlay-opacity":"","overlay-gradient":""},"mobile":{"background-color":"","background-image":"","background-repeat":"repeat","background-position":"center center","background-size":"auto","background-attachment":"scroll","background-type":"","background-media":"","overlay-type":"","overlay-color":"","overlay-opacity":"","overlay-gradient":""}},"ast-content-background-meta":{"desktop":{"background-color":"var(--ast-global-color-5)","background-image":"","background-repeat":"repeat","background-position":"center center","background-size":"auto","background-attachment":"scroll","background-type":"","background-media":"","overlay-type":"","overlay-color":"","overlay-opacity":"","overlay-gradient":""},"tablet":{"background-color":"var(--ast-global-color-5)","background-image":"","background-repeat":"repeat","background-position":"center center","background-size":"auto","background-attachment":"scroll","background-type":"","background-media":"","overlay-type":"","overlay-color":"","overlay-opacity":"","overlay-gradient":""},"mobile":{"background-color":"var(--ast-global-color-5)","background-image":"","background-repeat":"repeat","background-position":"center center","background-size":"auto","background-attachment":"scroll","background-type":"","background-media":"","overlay-type":"","overlay-color":"","overlay-opacity":"","overlay-gradient":""}},"footnotes":""},"class_list":["post-3667","page","type-page","status-publish","hentry"],"_links":{"self":[{"href":"https:\/\/alisanlojistikas.com\/tr\/wp-json\/wp\/v2\/pages\/3667","targetHints":{"allow":["GET"]}}],"collection":[{"href":"https:\/\/alisanlojistikas.com\/tr\/wp-json\/wp\/v2\/pages"}],"about":[{"href":"https:\/\/alisanlojistikas.com\/tr\/wp-json\/wp\/v2\/types\/page"}],"author":[{"embeddable":true,"href":"https:\/\/alisanlojistikas.com\/tr\/wp-json\/wp\/v2\/users\/1"}],"replies":[{"embeddable":true,"href":"https:\/\/alisanlojistikas.com\/tr\/wp-json\/wp\/v2\/comments?post=3667"}],"version-history":[{"count":45,"href":"https:\/\/alisanlojistikas.com\/tr\/wp-json\/wp\/v2\/pages\/3667\/revisions"}],"predecessor-version":[{"id":3745,"href":"https:\/\/alisanlojistikas.com\/tr\/wp-json\/wp\/v2\/pages\/3667\/revisions\/3745"}],"wp:attachment":[{"href":"https:\/\/alisanlojistikas.com\/tr\/wp-json\/wp\/v2\/media?parent=3667"}],"curies":[{"name":"wp","href":"https:\/\/api.w.org\/{rel}","templated":true}]}}